{"id":70,"date":"2025-10-08T11:35:16","date_gmt":"2025-10-08T09:35:16","guid":{"rendered":"https:\/\/pokechart.fr\/?page_id=70"},"modified":"2025-10-08T11:48:54","modified_gmt":"2025-10-08T09:48:54","slug":"nos-articles","status":"publish","type":"page","link":"https:\/\/pokechart.fr\/index.php\/nos-articles\/","title":{"rendered":"Nos articles"},"content":{"rendered":"\n<div class=\"wp-block-group is-layout-flow wp-container-core-group-is-layout-4913f2db wp-block-group-is-layout-flow\" style=\"margin-top:0;margin-bottom:0;padding-top:var(--wp--preset--spacing--40);padding-right:0;padding-bottom:var(--wp--preset--spacing--40);padding-left:0\">\n<div class=\"wp-block-columns is-layout-flex wp-container-core-columns-is-layout-28f84493 wp-block-columns-is-layout-flex\">\n<div class=\"wp-block-column is-layout-flow wp-block-column-is-layout-flow\" style=\"flex-basis:100%\">\n<div class=\"wp-block-query is-layout-flow wp-block-query-is-layout-flow\">\n<div class=\"wp-block-group has-global-padding is-layout-constrained wp-container-core-group-is-layout-7bcabc6a wp-block-group-is-layout-constrained\" style=\"margin-top:0;margin-bottom:0;padding-right:0;padding-left:0\"><ul class=\"wp-block-post-template is-layout-flow wp-block-post-template-is-layout-flow\"><li class=\"wp-block-post post-87 post type-post status-publish format-standard has-post-thumbnail hentry category-pokemon category-pokemon-fr tag-inflation tag-pokemon\">\n<figure style=\"aspect-ratio:16\/9; padding-top:0;padding-bottom:0;margin-right:var(--wp--preset--spacing--80);margin-left:var(--wp--preset--spacing--80);margin-top:0;margin-bottom:0;\" class=\"wp-block-post-featured-image\"><a href=\"https:\/\/pokechart.fr\/index.php\/2025\/11\/05\/inflation-pokemon\/\" target=\"_self\"  ><img loading=\"lazy\" decoding=\"async\" width=\"1500\" height=\"585\" src=\"https:\/\/pokechart.fr\/wp-content\/uploads\/2025\/11\/large-flammesfantasmagoriquelogofr.jpg\" class=\"attachment-post-thumbnail size-post-thumbnail wp-post-image\" alt=\"L&rsquo;inflation du march\u00e9 Pokemon\" style=\"width:100%;height:100%;object-fit:contain;\" srcset=\"https:\/\/pokechart.fr\/wp-content\/uploads\/2025\/11\/large-flammesfantasmagoriquelogofr.jpg 1500w, https:\/\/pokechart.fr\/wp-content\/uploads\/2025\/11\/large-flammesfantasmagoriquelogofr-300x117.jpg 300w, https:\/\/pokechart.fr\/wp-content\/uploads\/2025\/11\/large-flammesfantasmagoriquelogofr-1024x399.jpg 1024w, https:\/\/pokechart.fr\/wp-content\/uploads\/2025\/11\/large-flammesfantasmagoriquelogofr-768x300.jpg 768w\" sizes=\"auto, (max-width: 1500px) 100vw, 1500px\" \/><\/a><\/figure>\n\n<div class=\"wp-block-post-date\"><time datetime=\"2025-11-05T18:00:00+02:00\">05\/11\/2025<\/time><\/div>\n\n<h2 class=\"wp-block-post-title\"><a href=\"https:\/\/pokechart.fr\/index.php\/2025\/11\/05\/inflation-pokemon\/\" target=\"_self\" >L&rsquo;inflation du march\u00e9 Pokemon<\/a><\/h2>\n\n\n<p><\/p>\n\n\n<div class=\"wp-block-post-excerpt\"><p class=\"wp-block-post-excerpt__excerpt\">Les pr\u00e9commandes de la prochaine extension Pok\u00e9mon TCG ME02 : Flammes Fantasmagoriques, pr\u00e9vue pour le 14 novembre 2025 en France, viennent tout juste d\u2019ouvrir. Et d\u00e9j\u00e0, un constat frappe : l\u2019inflation du march\u00e9 Pok\u00e9mon ne faiblit pas. Les prix de\u2026<\/p><p class=\"wp-block-post-excerpt__more-text\"><a class=\"wp-block-post-excerpt__more-link\" href=\"https:\/\/pokechart.fr\/index.php\/2025\/11\/05\/inflation-pokemon\/\">D\u00e9couvrir l&rsquo;article<\/a><\/p><\/div>\n<\/li><li class=\"wp-block-post post-27 post type-post status-publish format-standard has-post-thumbnail hentry category-pokemon category-pokemon-fr tag-dracaufeu tag-mew tag-mewtwo tag-noctali tag-pikachu tag-pokemon tag-sar\">\n<figure style=\"aspect-ratio:16\/9; padding-top:0;padding-bottom:0;margin-right:var(--wp--preset--spacing--80);margin-left:var(--wp--preset--spacing--80);margin-top:0;margin-bottom:0;\" class=\"wp-block-post-featured-image\"><a href=\"https:\/\/pokechart.fr\/index.php\/2025\/10\/29\/retrospective-top-5-sar-pokemon-ecarlate-et-violet\/\" target=\"_self\"  ><img loading=\"lazy\" decoding=\"async\" width=\"245\" height=\"342\" src=\"https:\/\/pokechart.fr\/wp-content\/uploads\/2025\/10\/dracex151.png\" class=\"attachment-post-thumbnail size-post-thumbnail wp-post-image\" alt=\"Retrospective : Top 5 SAR Pok\u00e9mon \u00c9carlate et Violet\" style=\"width:100%;height:100%;object-fit:contain;\" srcset=\"https:\/\/pokechart.fr\/wp-content\/uploads\/2025\/10\/dracex151.png 245w, https:\/\/pokechart.fr\/wp-content\/uploads\/2025\/10\/dracex151-215x300.png 215w\" sizes=\"auto, (max-width: 245px) 100vw, 245px\" \/><\/a><\/figure>\n\n<div class=\"wp-block-post-date\"><time datetime=\"2025-10-29T18:00:00+02:00\">29\/10\/2025<\/time><\/div>\n\n<h2 class=\"wp-block-post-title\"><a href=\"https:\/\/pokechart.fr\/index.php\/2025\/10\/29\/retrospective-top-5-sar-pokemon-ecarlate-et-violet\/\" target=\"_self\" >Retrospective : Top 5 SAR Pok\u00e9mon \u00c9carlate et Violet<\/a><\/h2>\n\n\n<p><\/p>\n\n\n<div class=\"wp-block-post-excerpt\"><p class=\"wp-block-post-excerpt__excerpt\">C\u2019est le moment parfait pour une r\u00e9trospective compl\u00e8te du bloc EV, en commen\u00e7ant par un classement que tout collectionneur adore : le Top 5 SAR Pok\u00e9mon \u00c9carlate et Violet les plus ch\u00e8res.<\/p><p class=\"wp-block-post-excerpt__more-text\"><a class=\"wp-block-post-excerpt__more-link\" href=\"https:\/\/pokechart.fr\/index.php\/2025\/10\/29\/retrospective-top-5-sar-pokemon-ecarlate-et-violet\/\">D\u00e9couvrir l&rsquo;article<\/a><\/p><\/div>\n<\/li><li class=\"wp-block-post post-15 post type-post status-publish format-standard has-post-thumbnail hentry category-pokemon category-pokemon-jp tag-ar tag-art-rare tag-m2-inferno-x tag-pokemon tag-tiplouf\">\n<figure style=\"aspect-ratio:16\/9; padding-top:0;padding-bottom:0;margin-right:var(--wp--preset--spacing--80);margin-left:var(--wp--preset--spacing--80);margin-top:0;margin-bottom:0;\" class=\"wp-block-post-featured-image\"><a href=\"https:\/\/pokechart.fr\/index.php\/2025\/10\/22\/tiplouf-ar-inferno-x-carte-pokemon\/\" target=\"_self\"  ><img loading=\"lazy\" decoding=\"async\" width=\"320\" height=\"454\" src=\"https:\/\/pokechart.fr\/wp-content\/uploads\/2025\/10\/tiplouf-AR.webp\" class=\"attachment-post-thumbnail size-post-thumbnail wp-post-image\" alt=\"La premi\u00e8re AR Tiplouf est l\u00e0!\" style=\"width:100%;height:100%;object-fit:contain;\" srcset=\"https:\/\/pokechart.fr\/wp-content\/uploads\/2025\/10\/tiplouf-AR.webp 320w, https:\/\/pokechart.fr\/wp-content\/uploads\/2025\/10\/tiplouf-AR-211x300.webp 211w\" sizes=\"auto, (max-width: 320px) 100vw, 320px\" \/><\/a><\/figure>\n\n<div class=\"wp-block-post-date\"><time datetime=\"2025-10-22T18:00:00+02:00\">22\/10\/2025<\/time><\/div>\n\n<h2 class=\"wp-block-post-title\"><a href=\"https:\/\/pokechart.fr\/index.php\/2025\/10\/22\/tiplouf-ar-inferno-x-carte-pokemon\/\" target=\"_self\" >La premi\u00e8re AR Tiplouf est l\u00e0!<\/a><\/h2>\n\n\n<p><\/p>\n\n\n<div class=\"wp-block-post-excerpt\"><p class=\"wp-block-post-excerpt__excerpt\">La s\u00e9rie M2 Inferno X est sortie le 26 septembre 2025 au Japon, et elle a imm\u00e9diatement fait parler d\u2019elle. Le reveal complet des cartes nous a permis de d\u00e9couvrir une premi\u00e8re mondiale pour le TCG Pok\u00e9mon : la toute\u2026<\/p><p class=\"wp-block-post-excerpt__more-text\"><a class=\"wp-block-post-excerpt__more-link\" href=\"https:\/\/pokechart.fr\/index.php\/2025\/10\/22\/tiplouf-ar-inferno-x-carte-pokemon\/\">D\u00e9couvrir l&rsquo;article<\/a><\/p><\/div>\n<\/li><li class=\"wp-block-post post-39 post type-post status-publish format-standard has-post-thumbnail hentry category-pokemon category-pokemon-fr tag-bloc-me tag-mega-evolution tag-pokemon\">\n<figure style=\"aspect-ratio:16\/9; padding-top:0;padding-bottom:0;margin-right:var(--wp--preset--spacing--80);margin-left:var(--wp--preset--spacing--80);margin-top:0;margin-bottom:0;\" class=\"wp-block-post-featured-image\"><a href=\"https:\/\/pokechart.fr\/index.php\/2025\/10\/08\/nouveautes-bloc-mega-evolution-pokemon\/\" target=\"_self\"  ><img loading=\"lazy\" decoding=\"async\" width=\"600\" height=\"128\" src=\"https:\/\/pokechart.fr\/wp-content\/uploads\/2025\/10\/MEG.webp\" class=\"attachment-post-thumbnail size-post-thumbnail wp-post-image\" alt=\"Les nouveaut\u00e9s du bloc M\u00e9ga \u00c9volution\" style=\"width:100%;height:100%;object-fit:contain;\" srcset=\"https:\/\/pokechart.fr\/wp-content\/uploads\/2025\/10\/MEG.webp 600w, https:\/\/pokechart.fr\/wp-content\/uploads\/2025\/10\/MEG-300x64.webp 300w\" sizes=\"auto, (max-width: 600px) 100vw, 600px\" \/><\/a><\/figure>\n\n<div class=\"wp-block-post-date\"><time datetime=\"2025-10-08T09:35:02+02:00\">08\/10\/2025<\/time><\/div>\n\n<h2 class=\"wp-block-post-title\"><a href=\"https:\/\/pokechart.fr\/index.php\/2025\/10\/08\/nouveautes-bloc-mega-evolution-pokemon\/\" target=\"_self\" >Les nouveaut\u00e9s du bloc M\u00e9ga \u00c9volution<\/a><\/h2>\n\n\n<p><\/p>\n\n\n<div class=\"wp-block-post-excerpt\"><p class=\"wp-block-post-excerpt__excerpt\">\u00c7a y est, c\u2019est la fin du bloc \u00c9carlate &#038; Violet ! Place d\u00e9sormais au bloc M\u00e9ga \u00c9volution, le nouveau bloc propos\u00e9 par The Pok\u00e9mon Company, qui s\u2019annonce comme un bloc de transition, un peu \u00e0 la mani\u00e8re de Platine\u2026<\/p><p class=\"wp-block-post-excerpt__more-text\"><a class=\"wp-block-post-excerpt__more-link\" href=\"https:\/\/pokechart.fr\/index.php\/2025\/10\/08\/nouveautes-bloc-mega-evolution-pokemon\/\">D\u00e9couvrir l&rsquo;article<\/a><\/p><\/div>\n<\/li><\/ul><\/div>\n\n\n<\/div>\n<\/div>\n<\/div>\n<\/div>\n","protected":false},"excerpt":{"rendered":"","protected":false},"author":1,"featured_media":0,"parent":0,"menu_order":0,"comment_status":"closed","ping_status":"closed","template":"","meta":{"footnotes":""},"class_list":["post-70","page","type-page","status-publish","hentry"],"yoast_head":"<!-- This site is optimized with the Yoast SEO plugin v26.3 - https:\/\/yoast.com\/wordpress\/plugins\/seo\/ -->\n<title>Nos articles - Pokechart<\/title>\n<meta name=\"robots\" content=\"index, follow, max-snippet:-1, max-image-preview:large, max-video-preview:-1\" \/>\n<link rel=\"canonical\" href=\"https:\/\/pokechart.fr\/index.php\/nos-articles\/\" \/>\n<meta property=\"og:locale\" content=\"fr_FR\" \/>\n<meta property=\"og:type\" content=\"article\" \/>\n<meta property=\"og:title\" content=\"Nos articles - Pokechart\" \/>\n<meta property=\"og:url\" content=\"https:\/\/pokechart.fr\/index.php\/nos-articles\/\" \/>\n<meta property=\"og:site_name\" content=\"Pokechart\" \/>\n<meta property=\"article:modified_time\" content=\"2025-10-08T09:48:54+00:00\" \/>\n<meta name=\"twitter:card\" content=\"summary_large_image\" \/>\n<script type=\"application\/ld+json\" class=\"yoast-schema-graph\">{\"@context\":\"https:\/\/schema.org\",\"@graph\":[{\"@type\":\"WebPage\",\"@id\":\"https:\/\/pokechart.fr\/index.php\/nos-articles\/\",\"url\":\"https:\/\/pokechart.fr\/index.php\/nos-articles\/\",\"name\":\"Nos articles - Pokechart\",\"isPartOf\":{\"@id\":\"https:\/\/pokechart.fr\/#website\"},\"datePublished\":\"2025-10-08T09:35:16+00:00\",\"dateModified\":\"2025-10-08T09:48:54+00:00\",\"breadcrumb\":{\"@id\":\"https:\/\/pokechart.fr\/index.php\/nos-articles\/#breadcrumb\"},\"inLanguage\":\"fr-FR\",\"potentialAction\":[{\"@type\":\"ReadAction\",\"target\":[\"https:\/\/pokechart.fr\/index.php\/nos-articles\/\"]}]},{\"@type\":\"BreadcrumbList\",\"@id\":\"https:\/\/pokechart.fr\/index.php\/nos-articles\/#breadcrumb\",\"itemListElement\":[{\"@type\":\"ListItem\",\"position\":1,\"name\":\"Accueil\",\"item\":\"https:\/\/pokechart.fr\/\"},{\"@type\":\"ListItem\",\"position\":2,\"name\":\"Nos articles\"}]},{\"@type\":\"WebSite\",\"@id\":\"https:\/\/pokechart.fr\/#website\",\"url\":\"https:\/\/pokechart.fr\/\",\"name\":\"Pokechart\",\"description\":\"Analyse, compare, collectionne\",\"publisher\":{\"@id\":\"https:\/\/pokechart.fr\/#organization\"},\"potentialAction\":[{\"@type\":\"SearchAction\",\"target\":{\"@type\":\"EntryPoint\",\"urlTemplate\":\"https:\/\/pokechart.fr\/?s={search_term_string}\"},\"query-input\":{\"@type\":\"PropertyValueSpecification\",\"valueRequired\":true,\"valueName\":\"search_term_string\"}}],\"inLanguage\":\"fr-FR\"},{\"@type\":\"Organization\",\"@id\":\"https:\/\/pokechart.fr\/#organization\",\"name\":\"Pokechart\",\"url\":\"https:\/\/pokechart.fr\/\",\"logo\":{\"@type\":\"ImageObject\",\"inLanguage\":\"fr-FR\",\"@id\":\"https:\/\/pokechart.fr\/#\/schema\/logo\/image\/\",\"url\":\"https:\/\/pokechart.fr\/wp-content\/uploads\/2025\/10\/pokechart-logo-1.png\",\"contentUrl\":\"https:\/\/pokechart.fr\/wp-content\/uploads\/2025\/10\/pokechart-logo-1.png\",\"width\":1024,\"height\":1024,\"caption\":\"Pokechart\"},\"image\":{\"@id\":\"https:\/\/pokechart.fr\/#\/schema\/logo\/image\/\"}}]}<\/script>\n<!-- \/ Yoast SEO plugin. -->","yoast_head_json":{"title":"Nos articles - Pokechart","robots":{"index":"index","follow":"follow","max-snippet":"max-snippet:-1","max-image-preview":"max-image-preview:large","max-video-preview":"max-video-preview:-1"},"canonical":"https:\/\/pokechart.fr\/index.php\/nos-articles\/","og_locale":"fr_FR","og_type":"article","og_title":"Nos articles - Pokechart","og_url":"https:\/\/pokechart.fr\/index.php\/nos-articles\/","og_site_name":"Pokechart","article_modified_time":"2025-10-08T09:48:54+00:00","twitter_card":"summary_large_image","schema":{"@context":"https:\/\/schema.org","@graph":[{"@type":"WebPage","@id":"https:\/\/pokechart.fr\/index.php\/nos-articles\/","url":"https:\/\/pokechart.fr\/index.php\/nos-articles\/","name":"Nos articles - Pokechart","isPartOf":{"@id":"https:\/\/pokechart.fr\/#website"},"datePublished":"2025-10-08T09:35:16+00:00","dateModified":"2025-10-08T09:48:54+00:00","breadcrumb":{"@id":"https:\/\/pokechart.fr\/index.php\/nos-articles\/#breadcrumb"},"inLanguage":"fr-FR","potentialAction":[{"@type":"ReadAction","target":["https:\/\/pokechart.fr\/index.php\/nos-articles\/"]}]},{"@type":"BreadcrumbList","@id":"https:\/\/pokechart.fr\/index.php\/nos-articles\/#breadcrumb","itemListElement":[{"@type":"ListItem","position":1,"name":"Accueil","item":"https:\/\/pokechart.fr\/"},{"@type":"ListItem","position":2,"name":"Nos articles"}]},{"@type":"WebSite","@id":"https:\/\/pokechart.fr\/#website","url":"https:\/\/pokechart.fr\/","name":"Pokechart","description":"Analyse, compare, collectionne","publisher":{"@id":"https:\/\/pokechart.fr\/#organization"},"potentialAction":[{"@type":"SearchAction","target":{"@type":"EntryPoint","urlTemplate":"https:\/\/pokechart.fr\/?s={search_term_string}"},"query-input":{"@type":"PropertyValueSpecification","valueRequired":true,"valueName":"search_term_string"}}],"inLanguage":"fr-FR"},{"@type":"Organization","@id":"https:\/\/pokechart.fr\/#organization","name":"Pokechart","url":"https:\/\/pokechart.fr\/","logo":{"@type":"ImageObject","inLanguage":"fr-FR","@id":"https:\/\/pokechart.fr\/#\/schema\/logo\/image\/","url":"https:\/\/pokechart.fr\/wp-content\/uploads\/2025\/10\/pokechart-logo-1.png","contentUrl":"https:\/\/pokechart.fr\/wp-content\/uploads\/2025\/10\/pokechart-logo-1.png","width":1024,"height":1024,"caption":"Pokechart"},"image":{"@id":"https:\/\/pokechart.fr\/#\/schema\/logo\/image\/"}}]}},"_links":{"self":[{"href":"https:\/\/pokechart.fr\/index.php\/wp-json\/wp\/v2\/pages\/70","targetHints":{"allow":["GET"]}}],"collection":[{"href":"https:\/\/pokechart.fr\/index.php\/wp-json\/wp\/v2\/pages"}],"about":[{"href":"https:\/\/pokechart.fr\/index.php\/wp-json\/wp\/v2\/types\/page"}],"author":[{"embeddable":true,"href":"https:\/\/pokechart.fr\/index.php\/wp-json\/wp\/v2\/users\/1"}],"replies":[{"embeddable":true,"href":"https:\/\/pokechart.fr\/index.php\/wp-json\/wp\/v2\/comments?post=70"}],"version-history":[{"count":4,"href":"https:\/\/pokechart.fr\/index.php\/wp-json\/wp\/v2\/pages\/70\/revisions"}],"predecessor-version":[{"id":80,"href":"https:\/\/pokechart.fr\/index.php\/wp-json\/wp\/v2\/pages\/70\/revisions\/80"}],"wp:attachment":[{"href":"https:\/\/pokechart.fr\/index.php\/wp-json\/wp\/v2\/media?parent=70"}],"curies":[{"name":"wp","href":"https:\/\/api.w.org\/{rel}","templated":true}]}}